{"id":28751,"date":"2022-05-12T11:14:39","date_gmt":"2022-05-12T11:14:39","guid":{"rendered":"https:\/\/www.fci-urban.com\/projets\/"},"modified":"2022-11-15T12:10:48","modified_gmt":"2022-11-15T12:10:48","slug":"projets","status":"publish","type":"page","link":"https:\/\/www.fci-urban.com\/fr\/projets\/","title":{"rendered":"Projets"},"content":{"rendered":"\t\t<div data-elementor-type=\"wp-post\" data-elementor-id=\"28751\" class=\"elementor elementor-28751 elementor-788\" data-elementor-post-type=\"page\">\n\t\t\t\t\t\t<section class=\"elementor-section elementor-top-section elementor-element elementor-element-4b338299 elementor-section-content-middle elementor-section-boxed elementor-section-height-default elementor-section-height-default qodef-elementor-content-no\" data-id=\"4b338299\" data-element_type=\"section\" data-e-type=\"section\" data-settings=\"{&quot;background_background&quot;:&quot;classic&quot;}\">\n\t\t\t\t\t\t<div class=\"elementor-container elementor-column-gap-no\">\n\t\t\t\t\t<div class=\"elementor-column elementor-col-100 elementor-top-column elementor-element elementor-element-e88262f\" data-id=\"e88262f\" data-element_type=\"column\" data-e-type=\"column\">\n\t\t\t<div class=\"elementor-widget-wrap\">\n\t\t\t\t\t\t\t<\/div>\n\t\t<\/div>\n\t\t\t\t\t<\/div>\n\t\t<\/section>\n\t\t\t\t<section class=\"elementor-section elementor-top-section elementor-element elementor-element-7715ff8d elementor-section-content-middle elementor-section-boxed elementor-section-height-default elementor-section-height-default qodef-elementor-content-no\" data-id=\"7715ff8d\" data-element_type=\"section\" data-e-type=\"section\" data-settings=\"{&quot;background_background&quot;:&quot;classic&quot;}\">\n\t\t\t\t\t\t<div class=\"elementor-container elementor-column-gap-no\">\n\t\t\t\t\t<div class=\"elementor-column elementor-col-100 elementor-top-column elementor-element elementor-element-586337b0\" data-id=\"586337b0\" data-element_type=\"column\" data-e-type=\"column\">\n\t\t\t<div class=\"elementor-widget-wrap elementor-element-populated\">\n\t\t\t\t\t\t<section class=\"elementor-section elementor-inner-section elementor-element elementor-element-96b5a41 elementor-section-boxed elementor-section-height-default elementor-section-height-default qodef-elementor-content-no\" data-id=\"96b5a41\" data-element_type=\"section\" data-e-type=\"section\">\n\t\t\t\t\t\t<div class=\"elementor-container elementor-column-gap-default\">\n\t\t\t\t\t<div class=\"elementor-column elementor-col-100 elementor-inner-column elementor-element elementor-element-56bc5ab\" data-id=\"56bc5ab\" data-element_type=\"column\" data-e-type=\"column\">\n\t\t\t<div class=\"elementor-widget-wrap elementor-element-populated\">\n\t\t\t\t\t\t<div class=\"elementor-element elementor-element-78e9c83 elementor-widget elementor-widget-heading\" data-id=\"78e9c83\" data-element_type=\"widget\" data-e-type=\"widget\" data-widget_type=\"heading.default\">\n\t\t\t\t<div class=\"elementor-widget-container\">\n\t\t\t\t\t<h1 class=\"elementor-heading-title elementor-size-default\">Projets<\/h1>\t\t\t\t<\/div>\n\t\t\t\t<\/div>\n\t\t\t\t<div class=\"elementor-element elementor-element-513decba elementor-widget elementor-widget-heading\" data-id=\"513decba\" data-element_type=\"widget\" data-e-type=\"widget\" data-widget_type=\"heading.default\">\n\t\t\t\t<div class=\"elementor-widget-container\">\n\t\t\t\t\t<h2 class=\"elementor-heading-title elementor-size-default\">FCI Urban dans le monde<\/h2>\t\t\t\t<\/div>\n\t\t\t\t<\/div>\n\t\t\t\t<div class=\"elementor-element elementor-element-63651ca elementor-widget elementor-widget-spacer\" data-id=\"63651ca\" data-element_type=\"widget\" data-e-type=\"widget\" data-widget_type=\"spacer.default\">\n\t\t\t\t<div class=\"elementor-widget-container\">\n\t\t\t\t\t\t\t<div class=\"elementor-spacer\">\n\t\t\t<div class=\"elementor-spacer-inner\"><\/div>\n\t\t<\/div>\n\t\t\t\t\t\t<\/div>\n\t\t\t\t<\/div>\n\t\t\t\t<div class=\"elementor-element elementor-element-53c6d1c elementor-widget elementor-widget-text-editor\" data-id=\"53c6d1c\" data-element_type=\"widget\" data-e-type=\"widget\" data-widget_type=\"text-editor.default\">\n\t\t\t\t<div class=\"elementor-widget-container\">\n\t\t\t\t\t\t\t\t\t<p>Certaines <strong>villes bien connues d&rsquo;Europe et d&rsquo;Am\u00e9rique du Nord<\/strong> ont d\u00e9j\u00e0 opt\u00e9 pour les bornes FCI Urban, afin d&rsquo;am\u00e9liorer la s\u00e9curit\u00e9 des pi\u00e9tons et des v\u00e9hicules tout en \u00e9voluant vers un avenir plus durable. D\u00e9couvrez comment nous avons collabor\u00e9 avec eux\u00a0!<\/p>\t\t\t\t\t\t\t\t<\/div>\n\t\t\t\t<\/div>\n\t\t\t\t\t<\/div>\n\t\t<\/div>\n\t\t\t\t\t<\/div>\n\t\t<\/section>\n\t\t\t\t\t<\/div>\n\t\t<\/div>\n\t\t\t\t\t<\/div>\n\t\t<\/section>\n\t\t\t\t<section class=\"elementor-section elementor-top-section elementor-element elementor-element-2ee004d elementor-section-content-middle elementor-section-boxed elementor-section-height-default elementor-section-height-default qodef-elementor-content-no\" data-id=\"2ee004d\" data-element_type=\"section\" data-e-type=\"section\" data-settings=\"{&quot;background_background&quot;:&quot;classic&quot;}\">\n\t\t\t\t\t\t<div class=\"elementor-container elementor-column-gap-no\">\n\t\t\t\t\t<div class=\"elementor-column elementor-col-100 elementor-top-column elementor-element elementor-element-e18f721\" data-id=\"e18f721\" data-element_type=\"column\" data-e-type=\"column\">\n\t\t\t<div class=\"elementor-widget-wrap elementor-element-populated\">\n\t\t\t\t\t\t<section class=\"elementor-section elementor-inner-section elementor-element elementor-element-040843d elementor-section-boxed elementor-section-height-default elementor-section-height-default qodef-elementor-content-no\" data-id=\"040843d\" data-element_type=\"section\" data-e-type=\"section\">\n\t\t\t\t\t\t<div class=\"elementor-container elementor-column-gap-default\">\n\t\t\t\t\t<div class=\"elementor-column elementor-col-50 elementor-inner-column elementor-element elementor-element-2e8b356\" data-id=\"2e8b356\" data-element_type=\"column\" data-e-type=\"column\">\n\t\t\t<div class=\"elementor-widget-wrap elementor-element-populated\">\n\t\t\t\t\t\t<div class=\"elementor-element elementor-element-a596be9 elementor-position-top elementor-widget elementor-widget-image-box\" data-id=\"a596be9\" data-element_type=\"widget\" data-e-type=\"widget\" data-widget_type=\"image-box.default\">\n\t\t\t\t<div class=\"elementor-widget-container\">\n\t\t\t\t\t<div class=\"elementor-image-box-wrapper\"><figure class=\"elementor-image-box-img\"><a href=\"https:\/\/www.fci-urban.com\/fr\/projets\/rehabilitation-du-centre-ville\/\" tabindex=\"-1\"><img decoding=\"async\" src=\"https:\/\/www.fci-urban.com\/wp-content\/uploads\/elementor\/thumbs\/shutterstock_1914363172-1-scaled-ponsdcsvs4fvxdr8ssszm97qxep3avzydqzfeven80.jpg\" title=\"Renaissance,Building,Of,Historic,Poznan,Town,Hall,Surrounded,By,Colorful\" alt=\"proyectos\" class=\"elementor-animation-bob\" loading=\"lazy\" \/><\/a><\/figure><div class=\"elementor-image-box-content\"><h6 class=\"elementor-image-box-title\"><a href=\"https:\/\/www.fci-urban.com\/fr\/projets\/rehabilitation-du-centre-ville\/\">Poznan, Pologne<\/a><\/h6><p class=\"elementor-image-box-description\"><h3>R\u00e9habilitation du centre-ville<\/h3><\/p><\/div><\/div>\t\t\t\t<\/div>\n\t\t\t\t<\/div>\n\t\t\t\t\t<\/div>\n\t\t<\/div>\n\t\t\t\t<div class=\"elementor-column elementor-col-50 elementor-inner-column elementor-element elementor-element-4d12aef\" data-id=\"4d12aef\" data-element_type=\"column\" data-e-type=\"column\">\n\t\t\t<div class=\"elementor-widget-wrap elementor-element-populated\">\n\t\t\t\t\t\t<div class=\"elementor-element elementor-element-bf3a760 elementor-position-top elementor-widget elementor-widget-image-box\" data-id=\"bf3a760\" data-element_type=\"widget\" data-e-type=\"widget\" data-widget_type=\"image-box.default\">\n\t\t\t\t<div class=\"elementor-widget-container\">\n\t\t\t\t\t<div class=\"elementor-image-box-wrapper\"><figure class=\"elementor-image-box-img\"><a href=\"https:\/\/www.fci-urban.com\/fr\/projets\/delimitation-de-la-voie-cyclable\/\" tabindex=\"-1\"><img decoding=\"async\" src=\"https:\/\/www.fci-urban.com\/wp-content\/uploads\/elementor\/thumbs\/shutterstock_1446223349-scaled-ponscwtmjxu0g0ege3wbxv8wtuvuo18injw6962c5s.jpg\" title=\"Paris,,France,-,January,16,,2010:,People,Biking,On,A\" alt=\"delimitador carril bici\" class=\"elementor-animation-bob\" loading=\"lazy\" \/><\/a><\/figure><div class=\"elementor-image-box-content\"><h6 class=\"elementor-image-box-title\"><a href=\"https:\/\/www.fci-urban.com\/fr\/projets\/delimitation-de-la-voie-cyclable\/\">Anglet, France<\/a><\/h6><p class=\"elementor-image-box-description\"><h3>D\u00e9limitation de la piste cyclable<\/h3><\/p><\/div><\/div>\t\t\t\t<\/div>\n\t\t\t\t<\/div>\n\t\t\t\t\t<\/div>\n\t\t<\/div>\n\t\t\t\t\t<\/div>\n\t\t<\/section>\n\t\t\t\t\t<\/div>\n\t\t<\/div>\n\t\t\t\t\t<\/div>\n\t\t<\/section>\n\t\t\t\t<section class=\"elementor-section elementor-top-section elementor-element elementor-element-39f0fc4 elementor-section-content-middle elementor-section-boxed elementor-section-height-default elementor-section-height-default qodef-elementor-content-no\" data-id=\"39f0fc4\" data-element_type=\"section\" data-e-type=\"section\" data-settings=\"{&quot;background_background&quot;:&quot;classic&quot;}\">\n\t\t\t\t\t\t<div class=\"elementor-container elementor-column-gap-no\">\n\t\t\t\t\t<div class=\"elementor-column elementor-col-100 elementor-top-column elementor-element elementor-element-7186a94\" data-id=\"7186a94\" data-element_type=\"column\" data-e-type=\"column\">\n\t\t\t<div class=\"elementor-widget-wrap elementor-element-populated\">\n\t\t\t\t\t\t<section class=\"elementor-section elementor-inner-section elementor-element elementor-element-547258a elementor-section-boxed elementor-section-height-default elementor-section-height-default qodef-elementor-content-no\" data-id=\"547258a\" data-element_type=\"section\" data-e-type=\"section\">\n\t\t\t\t\t\t<div class=\"elementor-container elementor-column-gap-default\">\n\t\t\t\t\t<div class=\"elementor-column elementor-col-50 elementor-inner-column elementor-element elementor-element-47985c9\" data-id=\"47985c9\" data-element_type=\"column\" data-e-type=\"column\">\n\t\t\t<div class=\"elementor-widget-wrap elementor-element-populated\">\n\t\t\t\t\t\t<div class=\"elementor-element elementor-element-21e36ef elementor-position-top elementor-widget elementor-widget-image-box\" data-id=\"21e36ef\" data-element_type=\"widget\" data-e-type=\"widget\" data-widget_type=\"image-box.default\">\n\t\t\t\t<div class=\"elementor-widget-container\">\n\t\t\t\t\t<div class=\"elementor-image-box-wrapper\"><figure class=\"elementor-image-box-img\"><a href=\"https:\/\/www.fci-urban.com\/fr\/projets\/sectorisation-de-la-voirie-publique\/\" tabindex=\"-1\"><img decoding=\"async\" src=\"https:\/\/www.fci-urban.com\/wp-content\/uploads\/elementor\/thumbs\/shutterstock_2071568396-scaled-ponsga2t1kg01pibq2b7dindgka78zlw481t5v2jv4.jpg\" title=\"20th,July,,2021,lugano,switzerland.view,Of,The,Central,Bus,Station,Along,With\" alt=\"smart city\" class=\"elementor-animation-bob\" loading=\"lazy\" \/><\/a><\/figure><div class=\"elementor-image-box-content\"><h6 class=\"elementor-image-box-title\"><a href=\"https:\/\/www.fci-urban.com\/fr\/projets\/sectorisation-de-la-voirie-publique\/\">Lugano, Suisse<\/a><\/h6><p class=\"elementor-image-box-description\"><h3>Sectorisation de la voie publique<\/h3><\/p><\/div><\/div>\t\t\t\t<\/div>\n\t\t\t\t<\/div>\n\t\t\t\t\t<\/div>\n\t\t<\/div>\n\t\t\t\t<div class=\"elementor-column elementor-col-50 elementor-inner-column elementor-element elementor-element-4d4f283\" data-id=\"4d4f283\" data-element_type=\"column\" data-e-type=\"column\">\n\t\t\t<div class=\"elementor-widget-wrap elementor-element-populated\">\n\t\t\t\t\t\t<div class=\"elementor-element elementor-element-abf62cf elementor-position-top elementor-widget elementor-widget-image-box\" data-id=\"abf62cf\" data-element_type=\"widget\" data-e-type=\"widget\" data-widget_type=\"image-box.default\">\n\t\t\t\t<div class=\"elementor-widget-container\">\n\t\t\t\t\t<div class=\"elementor-image-box-wrapper\"><figure class=\"elementor-image-box-img\"><a href=\"https:\/\/www.fci-urban.com\/fr\/projets\/adaptation-du-quartier-residentiel\/\" tabindex=\"-1\"><img decoding=\"async\" src=\"https:\/\/www.fci-urban.com\/wp-content\/uploads\/elementor\/thumbs\/shutterstock_690873475-scaled-pope2o4fn44m5kcaqqb221wkgzvmdysjzi20xbco40.jpg\" title=\"Piazza,San,Carlo,Square,And,Twin,Churches,Of,Santa,Cristina\" alt=\"italia\" class=\"elementor-animation-bob\" loading=\"lazy\" \/><\/a><\/figure><div class=\"elementor-image-box-content\"><h6 class=\"elementor-image-box-title\"><a href=\"https:\/\/www.fci-urban.com\/fr\/projets\/adaptation-du-quartier-residentiel\/\">Turin, Italie<\/a><\/h6><p class=\"elementor-image-box-description\"><h3>Adaptation d'un quartier r\u00e9sidentiel<\/h3>. <\/p><\/div><\/div>\t\t\t\t<\/div>\n\t\t\t\t<\/div>\n\t\t\t\t\t<\/div>\n\t\t<\/div>\n\t\t\t\t\t<\/div>\n\t\t<\/section>\n\t\t\t\t\t<\/div>\n\t\t<\/div>\n\t\t\t\t\t<\/div>\n\t\t<\/section>\n\t\t\t\t<section class=\"elementor-section elementor-top-section elementor-element elementor-element-07f80e4 elementor-section-content-middle elementor-section-boxed elementor-section-height-default elementor-section-height-default qodef-elementor-content-no\" data-id=\"07f80e4\" data-element_type=\"section\" data-e-type=\"section\" data-settings=\"{&quot;background_background&quot;:&quot;classic&quot;}\">\n\t\t\t\t\t\t<div class=\"elementor-container elementor-column-gap-no\">\n\t\t\t\t\t<div class=\"elementor-column elementor-col-100 elementor-top-column elementor-element elementor-element-0a0c338\" data-id=\"0a0c338\" data-element_type=\"column\" data-e-type=\"column\">\n\t\t\t<div class=\"elementor-widget-wrap elementor-element-populated\">\n\t\t\t\t\t\t<section class=\"elementor-section elementor-inner-section elementor-element elementor-element-261cde1 elementor-section-boxed elementor-section-height-default elementor-section-height-default qodef-elementor-content-no\" data-id=\"261cde1\" data-element_type=\"section\" data-e-type=\"section\">\n\t\t\t\t\t\t<div class=\"elementor-container elementor-column-gap-default\">\n\t\t\t\t\t<div class=\"elementor-column elementor-col-50 elementor-inner-column elementor-element elementor-element-da6f178\" data-id=\"da6f178\" data-element_type=\"column\" data-e-type=\"column\">\n\t\t\t<div class=\"elementor-widget-wrap elementor-element-populated\">\n\t\t\t\t\t\t<div class=\"elementor-element elementor-element-81699a3 elementor-position-top elementor-widget elementor-widget-image-box\" data-id=\"81699a3\" data-element_type=\"widget\" data-e-type=\"widget\" data-widget_type=\"image-box.default\">\n\t\t\t\t<div class=\"elementor-widget-container\">\n\t\t\t\t\t<div class=\"elementor-image-box-wrapper\"><figure class=\"elementor-image-box-img\"><a href=\"https:\/\/www.fci-urban.com\/fr\/projets\/zone-commerciale\/\" tabindex=\"-1\"><img decoding=\"async\" src=\"https:\/\/www.fci-urban.com\/wp-content\/uploads\/elementor\/thumbs\/shutterstock_524925691-scaled-popeco4mcntfo7tdcjx63123zkl7a1hr0zwzqaivww.jpg\" title=\"Gooderham,Or,Flatiron,Building,In,Downtown,Toronto,-,Toronto,,Ontario,\" alt=\"proyectos\" class=\"elementor-animation-bob\" loading=\"lazy\" \/><\/a><\/figure><div class=\"elementor-image-box-content\"><h6 class=\"elementor-image-box-title\"><a href=\"https:\/\/www.fci-urban.com\/fr\/projets\/zone-commerciale\/\">Ontario, Canada<\/a><\/h6><p class=\"elementor-image-box-description\"><h3>Zone commerciale<\/h3><\/p><\/div><\/div>\t\t\t\t<\/div>\n\t\t\t\t<\/div>\n\t\t\t\t\t<\/div>\n\t\t<\/div>\n\t\t\t\t<div class=\"elementor-column elementor-col-50 elementor-inner-column elementor-element elementor-element-e901d0d\" data-id=\"e901d0d\" data-element_type=\"column\" data-e-type=\"column\">\n\t\t\t<div class=\"elementor-widget-wrap\">\n\t\t\t\t\t\t\t<\/div>\n\t\t<\/div>\n\t\t\t\t\t<\/div>\n\t\t<\/section>\n\t\t\t\t\t<\/div>\n\t\t<\/div>\n\t\t\t\t\t<\/div>\n\t\t<\/section>\n\t\t\t\t<\/div>\n\t\t","protected":false},"excerpt":{"rendered":"<p>Projets FCI Urban dans le monde Certaines villes bien connues d&rsquo;Europe et d&rsquo;Am\u00e9rique du Nord ont d\u00e9j\u00e0 opt\u00e9 pour les bornes FCI Urban, afin d&rsquo;am\u00e9liorer la s\u00e9curit\u00e9 des pi\u00e9tons et des v\u00e9hicules tout en \u00e9voluant vers un avenir plus durable. D\u00e9couvrez comment nous avons collabor\u00e9 avec eux\u00a0! Poznan, Pologne R\u00e9habilitation du centre-ville Anglet, France D\u00e9limitation &hellip;<\/p>\n<p class=\"read-more\"> <a class=\"\" href=\"https:\/\/www.fci-urban.com\/fr\/projets\/\"> <span class=\"screen-reader-text\">Projets<\/span> Lire la suite\u00a0\u00bb<\/a><\/p>\n","protected":false},"author":1,"featured_media":0,"parent":0,"menu_order":0,"comment_status":"closed","ping_status":"closed","template":"","meta":{"inline_featured_image":false,"site-sidebar-layout":"no-sidebar","site-content-layout":"page-builder","ast-main-header-display":"","ast-hfb-above-header-display":"","ast-hfb-below-header-display":"","ast-hfb-mobile-header-display":"","site-post-title":"disabled","ast-breadcrumbs-content":"","ast-featured-img":"disabled","footer-sml-layout":"","theme-transparent-header-meta":"enabled","adv-header-id-meta":"","stick-header-meta":"","header-above-stick-meta":"","header-main-stick-meta":"","header-below-stick-meta":"","footnotes":""},"class_list":["post-28751","page","type-page","status-publish","hentry"],"yoast_head":"<!-- This site is optimized with the Yoast SEO plugin v27.2 - https:\/\/yoast.com\/product\/yoast-seo-wordpress\/ -->\n<title>Projets - FCI Urban<\/title>\n<meta name=\"robots\" content=\"index, follow, max-snippet:-1, max-image-preview:large, max-video-preview:-1\" \/>\n<link rel=\"canonical\" href=\"https:\/\/www.fci-urban.com\/fr\/projets\/\" \/>\n<meta property=\"og:locale\" content=\"fr_FR\" \/>\n<meta property=\"og:type\" content=\"article\" \/>\n<meta property=\"og:title\" content=\"Projets - FCI Urban\" \/>\n<meta property=\"og:description\" content=\"Projets FCI Urban dans le monde Certaines villes bien connues d&rsquo;Europe et d&rsquo;Am\u00e9rique du Nord ont d\u00e9j\u00e0 opt\u00e9 pour les bornes FCI Urban, afin d&rsquo;am\u00e9liorer la s\u00e9curit\u00e9 des pi\u00e9tons et des v\u00e9hicules tout en \u00e9voluant vers un avenir plus durable. D\u00e9couvrez comment nous avons collabor\u00e9 avec eux\u00a0! Poznan, Pologne R\u00e9habilitation du centre-ville Anglet, France D\u00e9limitation &hellip; Projets Lire la suite\u00a0\u00bb\" \/>\n<meta property=\"og:url\" content=\"https:\/\/www.fci-urban.com\/fr\/projets\/\" \/>\n<meta property=\"og:site_name\" content=\"FCI Urban\" \/>\n<meta property=\"article:modified_time\" content=\"2022-11-15T12:10:48+00:00\" \/>\n<meta property=\"og:image\" content=\"https:\/\/www.fci-urban.com\/wp-content\/uploads\/elementor\/thumbs\/shutterstock_1914363172-1-scaled-ponsdcsvs4fvxdr8ssszm97qxep3avzydqzfeven80.jpg\" \/>\n<meta name=\"twitter:card\" content=\"summary_large_image\" \/>\n<meta name=\"twitter:label1\" content=\"Dur\u00e9e de lecture estim\u00e9e\" \/>\n\t<meta name=\"twitter:data1\" content=\"2 minutes\" \/>\n<script type=\"application\/ld+json\" class=\"yoast-schema-graph\">{\"@context\":\"https:\/\/schema.org\",\"@graph\":[{\"@type\":\"WebPage\",\"@id\":\"https:\/\/www.fci-urban.com\/fr\/projets\/\",\"url\":\"https:\/\/www.fci-urban.com\/fr\/projets\/\",\"name\":\"Projets - FCI Urban\",\"isPartOf\":{\"@id\":\"https:\/\/www.fci-urban.com\/fr\/#website\"},\"primaryImageOfPage\":{\"@id\":\"https:\/\/www.fci-urban.com\/fr\/projets\/#primaryimage\"},\"image\":{\"@id\":\"https:\/\/www.fci-urban.com\/fr\/projets\/#primaryimage\"},\"thumbnailUrl\":\"https:\/\/www.fci-urban.com\/wp-content\/uploads\/elementor\/thumbs\/shutterstock_1914363172-1-scaled-ponsdcsvs4fvxdr8ssszm97qxep3avzydqzfeven80.jpg\",\"datePublished\":\"2022-05-12T11:14:39+00:00\",\"dateModified\":\"2022-11-15T12:10:48+00:00\",\"breadcrumb\":{\"@id\":\"https:\/\/www.fci-urban.com\/fr\/projets\/#breadcrumb\"},\"inLanguage\":\"fr-FR\",\"potentialAction\":[{\"@type\":\"ReadAction\",\"target\":[\"https:\/\/www.fci-urban.com\/fr\/projets\/\"]}]},{\"@type\":\"ImageObject\",\"inLanguage\":\"fr-FR\",\"@id\":\"https:\/\/www.fci-urban.com\/fr\/projets\/#primaryimage\",\"url\":\"https:\/\/www.fci-urban.com\/wp-content\/uploads\/elementor\/thumbs\/shutterstock_1914363172-1-scaled-ponsdcsvs4fvxdr8ssszm97qxep3avzydqzfeven80.jpg\",\"contentUrl\":\"https:\/\/www.fci-urban.com\/wp-content\/uploads\/elementor\/thumbs\/shutterstock_1914363172-1-scaled-ponsdcsvs4fvxdr8ssszm97qxep3avzydqzfeven80.jpg\"},{\"@type\":\"BreadcrumbList\",\"@id\":\"https:\/\/www.fci-urban.com\/fr\/projets\/#breadcrumb\",\"itemListElement\":[{\"@type\":\"ListItem\",\"position\":1,\"name\":\"Portada\",\"item\":\"https:\/\/www.fci-urban.com\/\"},{\"@type\":\"ListItem\",\"position\":2,\"name\":\"Projets\"}]},{\"@type\":\"WebSite\",\"@id\":\"https:\/\/www.fci-urban.com\/fr\/#website\",\"url\":\"https:\/\/www.fci-urban.com\/fr\/\",\"name\":\"FCI Urban\",\"description\":\"FCI Urban\",\"publisher\":{\"@id\":\"https:\/\/www.fci-urban.com\/fr\/#organization\"},\"potentialAction\":[{\"@type\":\"SearchAction\",\"target\":{\"@type\":\"EntryPoint\",\"urlTemplate\":\"https:\/\/www.fci-urban.com\/fr\/?s={search_term_string}\"},\"query-input\":{\"@type\":\"PropertyValueSpecification\",\"valueRequired\":true,\"valueName\":\"search_term_string\"}}],\"inLanguage\":\"fr-FR\"},{\"@type\":\"Organization\",\"@id\":\"https:\/\/www.fci-urban.com\/fr\/#organization\",\"name\":\"FCI Urban\",\"url\":\"https:\/\/www.fci-urban.com\/fr\/\",\"logo\":{\"@type\":\"ImageObject\",\"inLanguage\":\"fr-FR\",\"@id\":\"https:\/\/www.fci-urban.com\/fr\/#\/schema\/logo\/image\/\",\"url\":\"https:\/\/www.fci-urban.com\/wp-content\/uploads\/2022\/05\/URBAN-TRANSPARENT.png\",\"contentUrl\":\"https:\/\/www.fci-urban.com\/wp-content\/uploads\/2022\/05\/URBAN-TRANSPARENT.png\",\"width\":405,\"height\":405,\"caption\":\"FCI Urban\"},\"image\":{\"@id\":\"https:\/\/www.fci-urban.com\/fr\/#\/schema\/logo\/image\/\"}}]}<\/script>\n<!-- \/ Yoast SEO plugin. -->","yoast_head_json":{"title":"Projets - FCI Urban","robots":{"index":"index","follow":"follow","max-snippet":"max-snippet:-1","max-image-preview":"max-image-preview:large","max-video-preview":"max-video-preview:-1"},"canonical":"https:\/\/www.fci-urban.com\/fr\/projets\/","og_locale":"fr_FR","og_type":"article","og_title":"Projets - FCI Urban","og_description":"Projets FCI Urban dans le monde Certaines villes bien connues d&rsquo;Europe et d&rsquo;Am\u00e9rique du Nord ont d\u00e9j\u00e0 opt\u00e9 pour les bornes FCI Urban, afin d&rsquo;am\u00e9liorer la s\u00e9curit\u00e9 des pi\u00e9tons et des v\u00e9hicules tout en \u00e9voluant vers un avenir plus durable. D\u00e9couvrez comment nous avons collabor\u00e9 avec eux\u00a0! Poznan, Pologne R\u00e9habilitation du centre-ville Anglet, France D\u00e9limitation &hellip; Projets Lire la suite\u00a0\u00bb","og_url":"https:\/\/www.fci-urban.com\/fr\/projets\/","og_site_name":"FCI Urban","article_modified_time":"2022-11-15T12:10:48+00:00","og_image":[{"url":"https:\/\/www.fci-urban.com\/wp-content\/uploads\/elementor\/thumbs\/shutterstock_1914363172-1-scaled-ponsdcsvs4fvxdr8ssszm97qxep3avzydqzfeven80.jpg","type":"","width":"","height":""}],"twitter_card":"summary_large_image","twitter_misc":{"Dur\u00e9e de lecture estim\u00e9e":"2 minutes"},"schema":{"@context":"https:\/\/schema.org","@graph":[{"@type":"WebPage","@id":"https:\/\/www.fci-urban.com\/fr\/projets\/","url":"https:\/\/www.fci-urban.com\/fr\/projets\/","name":"Projets - FCI Urban","isPartOf":{"@id":"https:\/\/www.fci-urban.com\/fr\/#website"},"primaryImageOfPage":{"@id":"https:\/\/www.fci-urban.com\/fr\/projets\/#primaryimage"},"image":{"@id":"https:\/\/www.fci-urban.com\/fr\/projets\/#primaryimage"},"thumbnailUrl":"https:\/\/www.fci-urban.com\/wp-content\/uploads\/elementor\/thumbs\/shutterstock_1914363172-1-scaled-ponsdcsvs4fvxdr8ssszm97qxep3avzydqzfeven80.jpg","datePublished":"2022-05-12T11:14:39+00:00","dateModified":"2022-11-15T12:10:48+00:00","breadcrumb":{"@id":"https:\/\/www.fci-urban.com\/fr\/projets\/#breadcrumb"},"inLanguage":"fr-FR","potentialAction":[{"@type":"ReadAction","target":["https:\/\/www.fci-urban.com\/fr\/projets\/"]}]},{"@type":"ImageObject","inLanguage":"fr-FR","@id":"https:\/\/www.fci-urban.com\/fr\/projets\/#primaryimage","url":"https:\/\/www.fci-urban.com\/wp-content\/uploads\/elementor\/thumbs\/shutterstock_1914363172-1-scaled-ponsdcsvs4fvxdr8ssszm97qxep3avzydqzfeven80.jpg","contentUrl":"https:\/\/www.fci-urban.com\/wp-content\/uploads\/elementor\/thumbs\/shutterstock_1914363172-1-scaled-ponsdcsvs4fvxdr8ssszm97qxep3avzydqzfeven80.jpg"},{"@type":"BreadcrumbList","@id":"https:\/\/www.fci-urban.com\/fr\/projets\/#breadcrumb","itemListElement":[{"@type":"ListItem","position":1,"name":"Portada","item":"https:\/\/www.fci-urban.com\/"},{"@type":"ListItem","position":2,"name":"Projets"}]},{"@type":"WebSite","@id":"https:\/\/www.fci-urban.com\/fr\/#website","url":"https:\/\/www.fci-urban.com\/fr\/","name":"FCI Urban","description":"FCI Urban","publisher":{"@id":"https:\/\/www.fci-urban.com\/fr\/#organization"},"potentialAction":[{"@type":"SearchAction","target":{"@type":"EntryPoint","urlTemplate":"https:\/\/www.fci-urban.com\/fr\/?s={search_term_string}"},"query-input":{"@type":"PropertyValueSpecification","valueRequired":true,"valueName":"search_term_string"}}],"inLanguage":"fr-FR"},{"@type":"Organization","@id":"https:\/\/www.fci-urban.com\/fr\/#organization","name":"FCI Urban","url":"https:\/\/www.fci-urban.com\/fr\/","logo":{"@type":"ImageObject","inLanguage":"fr-FR","@id":"https:\/\/www.fci-urban.com\/fr\/#\/schema\/logo\/image\/","url":"https:\/\/www.fci-urban.com\/wp-content\/uploads\/2022\/05\/URBAN-TRANSPARENT.png","contentUrl":"https:\/\/www.fci-urban.com\/wp-content\/uploads\/2022\/05\/URBAN-TRANSPARENT.png","width":405,"height":405,"caption":"FCI Urban"},"image":{"@id":"https:\/\/www.fci-urban.com\/fr\/#\/schema\/logo\/image\/"}}]}},"_links":{"self":[{"href":"https:\/\/www.fci-urban.com\/fr\/wp-json\/wp\/v2\/pages\/28751","targetHints":{"allow":["GET"]}}],"collection":[{"href":"https:\/\/www.fci-urban.com\/fr\/wp-json\/wp\/v2\/pages"}],"about":[{"href":"https:\/\/www.fci-urban.com\/fr\/wp-json\/wp\/v2\/types\/page"}],"author":[{"embeddable":true,"href":"https:\/\/www.fci-urban.com\/fr\/wp-json\/wp\/v2\/users\/1"}],"replies":[{"embeddable":true,"href":"https:\/\/www.fci-urban.com\/fr\/wp-json\/wp\/v2\/comments?post=28751"}],"version-history":[{"count":10,"href":"https:\/\/www.fci-urban.com\/fr\/wp-json\/wp\/v2\/pages\/28751\/revisions"}],"predecessor-version":[{"id":31990,"href":"https:\/\/www.fci-urban.com\/fr\/wp-json\/wp\/v2\/pages\/28751\/revisions\/31990"}],"wp:attachment":[{"href":"https:\/\/www.fci-urban.com\/fr\/wp-json\/wp\/v2\/media?parent=28751"}],"curies":[{"name":"wp","href":"https:\/\/api.w.org\/{rel}","templated":true}]}}