{"id":28771,"date":"2022-05-19T10:23:39","date_gmt":"2022-05-19T10:23:39","guid":{"rendered":"https:\/\/www.fci-urban.com\/politique-de-confidentialite\/"},"modified":"2022-09-06T08:01:12","modified_gmt":"2022-09-06T08:01:12","slug":"politique-de-confidentialite","status":"publish","type":"page","link":"https:\/\/www.fci-urban.com\/fr\/politique-de-confidentialite\/","title":{"rendered":"Politique de confidentialit\u00e9"},"content":{"rendered":"\t\t<div data-elementor-type=\"wp-post\" data-elementor-id=\"28771\" class=\"elementor elementor-28771 elementor-24971\" data-elementor-post-type=\"page\">\n\t\t\t\t\t\t<section class=\"elementor-section elementor-top-section elementor-element elementor-element-4b338299 elementor-section-content-middle elementor-section-boxed elementor-section-height-default elementor-section-height-default qodef-elementor-content-no\" data-id=\"4b338299\" data-element_type=\"section\" data-e-type=\"section\" data-settings=\"{&quot;background_background&quot;:&quot;classic&quot;}\">\n\t\t\t\t\t\t<div class=\"elementor-container elementor-column-gap-no\">\n\t\t\t\t\t<div class=\"elementor-column elementor-col-100 elementor-top-column elementor-element elementor-element-e88262f\" data-id=\"e88262f\" data-element_type=\"column\" data-e-type=\"column\">\n\t\t\t<div class=\"elementor-widget-wrap elementor-element-populated\">\n\t\t\t\t\t\t<div class=\"elementor-element elementor-element-6ea88e8 elementor-widget elementor-widget-heading\" data-id=\"6ea88e8\" data-element_type=\"widget\" data-e-type=\"widget\" data-widget_type=\"heading.default\">\n\t\t\t\t<div class=\"elementor-widget-container\">\n\t\t\t\t\t<h1 class=\"elementor-heading-title elementor-size-default\">Politique de confidentialit\u00e9<\/h1>\t\t\t\t<\/div>\n\t\t\t\t<\/div>\n\t\t\t\t\t<\/div>\n\t\t<\/div>\n\t\t\t\t\t<\/div>\n\t\t<\/section>\n\t\t\t\t<section class=\"elementor-section elementor-top-section elementor-element elementor-element-7715ff8d elementor-section-content-middle elementor-section-boxed elementor-section-height-default elementor-section-height-default qodef-elementor-content-no\" data-id=\"7715ff8d\" data-element_type=\"section\" data-e-type=\"section\" data-settings=\"{&quot;background_background&quot;:&quot;classic&quot;}\">\n\t\t\t\t\t\t<div class=\"elementor-container elementor-column-gap-no\">\n\t\t\t\t\t<div class=\"elementor-column elementor-col-100 elementor-top-column elementor-element elementor-element-586337b0\" data-id=\"586337b0\" data-element_type=\"column\" data-e-type=\"column\">\n\t\t\t<div class=\"elementor-widget-wrap elementor-element-populated\">\n\t\t\t\t\t\t<div class=\"elementor-element elementor-element-513decba elementor-widget elementor-widget-heading\" data-id=\"513decba\" data-element_type=\"widget\" data-e-type=\"widget\" data-widget_type=\"heading.default\">\n\t\t\t\t<div class=\"elementor-widget-container\">\n\t\t\t\t\t<h2 class=\"elementor-heading-title elementor-size-default\">Informations pour l'utilisateur<\/h2>\t\t\t\t<\/div>\n\t\t\t\t<\/div>\n\t\t\t\t<div class=\"elementor-element elementor-element-65fd8b78 elementor-widget__width-initial elementor-widget elementor-widget-text-editor\" data-id=\"65fd8b78\" data-element_type=\"widget\" data-e-type=\"widget\" data-widget_type=\"text-editor.default\">\n\t\t\t\t<div class=\"elementor-widget-container\">\n\t\t\t\t\t\t\t\t\t<strong>FENOLL CRUELLS INDUSTRIES S.L.,<\/strong> ci-apr\u00e8s RESPONSABLE, est responsable du traitement des donn\u00e9es personnelles de l&rsquo;Utilisateur et vous informe que ces donn\u00e9es seront trait\u00e9es conform\u00e9ment aux dispositions de la r\u00e9glementation en vigueur sur la protection des donn\u00e9es personnelles. donn\u00e9es personnelles, R\u00e8glement (UE) 2016\/679 du 27 avril 2016 (RGPD) relatif \u00e0 la protection des personnes physiques \u00e0 l&rsquo;\u00e9gard du traitement des donn\u00e9es \u00e0 caract\u00e8re personnel et \u00e0 la libre circulation de ces donn\u00e9es, pour lequel vous \u00eates fournit les informations de traitement suivantes: <\/p>\n\n<strong>Fin du traitement<\/strong>\u00a0: maintenir une relation commerciale avec l&rsquo;Utilisateur. Les op\u00e9rations pr\u00e9vues pour effectuer le traitement sont\u00a0:\n\n \t<li>Envoi de communications publicitaires commerciales par e-mail, fax, SMS, MMS, communaut\u00e9s sociales ou tout autre moyen \u00e9lectronique ou physique, pr\u00e9sent ou futur, qui le rend possible d&rsquo;effectuer des communications commerciales, \u00e0 condition qu&rsquo;elles aient \u00e9t\u00e9 pr\u00e9alablement autoris\u00e9es. Ces communications seront faites par le RESPONSABLE et li\u00e9es \u00e0 ses produits et services, ou \u00e0 ses collaborateurs ou fournisseurs avec lesquels il a conclu un accord de promotion. Dans ce cas, les tiers n&rsquo;auront jamais acc\u00e8s aux donn\u00e9es personnelles.<\/li>\n \t<li>R\u00e9aliser des \u00e9tudes statistiques.<\/li>\n \t<li>Traiter les commandes, demandes ou tout type de demande faite par l&rsquo;utilisateur via l&rsquo;un des les formulaires de contact mis \u00e0 votre disposition.<\/li>\n \t<li>Envoi de la newsletter du site.<\/li>\n<br>\n<strong>Crit\u00e8res de conservation des donn\u00e9es<\/strong> : elles seront conserv\u00e9es tant qu&rsquo;il y aura un int\u00e9r\u00eat mutuel \u00e0 maintenir la fin du traitement et lorsqu&rsquo;elles ne seront plus n\u00e9cessaires \u00e0 cette fin, elles seront supprim\u00e9es avec des mesures de s\u00e9curit\u00e9 ad\u00e9quates pour garantir la pseudonymisation des donn\u00e9es ou la destruction totale de la m\u00eame.\n<br><br>\n<strong>Communication des donn\u00e9es<\/strong>\u00a0: Les donn\u00e9es ne seront pas communiqu\u00e9es \u00e0 des tiers, sauf obligation l\u00e9gale.\n\n<strong>Droits qui aident l&rsquo;Utilisateur<\/strong>\u00a0:\n\n \t<li>Droit de retirer son consentement \u00e0 tout moment.<\/li>\n \t<li>Droit d&rsquo;acc\u00e8s, de rectification, de portabilit\u00e9 et de suppression des vos donn\u00e9es et la limitation ou l&rsquo;opposition \u00e0 leur traitement.<\/li>\n \t<li>Droit de d\u00e9poser une r\u00e9clamation aupr\u00e8s de l&rsquo;autorit\u00e9 de contr\u00f4le (www.aepd.es.) si vous consid\u00e9rez que le traitement n&rsquo;est pas conforme \u00e0 la r\u00e9glementation en vigueur<\/li>\n<br>\n<strong>Coordonn\u00e9es pour exercer vos droits<\/strong>\u00a0:<br>\nFENOLL CRUELLS INDUSTRIES S.L.<br>\nAdresse postale\u00a0: Passeig Can Feu , 6 \u2013 08205 Sabadell (Barcelone)<br>\nCourriel\u00a0:<a href=\"mailto:info@fci-coating.com\" target=\"_blank\" rel=\"noopener\"> info@fci-coating.com<\/a>\t\t\t\t\t\t\t\t<\/div>\n\t\t\t\t<\/div>\n\t\t\t\t\t<\/div>\n\t\t<\/div>\n\t\t\t\t\t<\/div>\n\t\t<\/section>\n\t\t\t\t<section class=\"elementor-section elementor-top-section elementor-element elementor-element-bd76f83 elementor-section-content-middle elementor-section-boxed elementor-section-height-default elementor-section-height-default qodef-elementor-content-no\" data-id=\"bd76f83\" data-element_type=\"section\" data-e-type=\"section\" data-settings=\"{&quot;background_background&quot;:&quot;classic&quot;}\">\n\t\t\t\t\t\t<div class=\"elementor-container elementor-column-gap-no\">\n\t\t\t\t\t<div class=\"elementor-column elementor-col-100 elementor-top-column elementor-element elementor-element-ecec87f\" data-id=\"ecec87f\" data-element_type=\"column\" data-e-type=\"column\">\n\t\t\t<div class=\"elementor-widget-wrap elementor-element-populated\">\n\t\t\t\t\t\t<div class=\"elementor-element elementor-element-1704968 elementor-widget elementor-widget-heading\" data-id=\"1704968\" data-element_type=\"widget\" data-e-type=\"widget\" data-widget_type=\"heading.default\">\n\t\t\t\t<div class=\"elementor-widget-container\">\n\t\t\t\t\t<h2 class=\"elementor-heading-title elementor-size-default\">Caract\u00e8re obligatoire ou facultatif des informations fournies par l'utilisateur<\/h2>\t\t\t\t<\/div>\n\t\t\t\t<\/div>\n\t\t\t\t<div class=\"elementor-element elementor-element-79cc6f0 elementor-widget__width-initial elementor-widget elementor-widget-text-editor\" data-id=\"79cc6f0\" data-element_type=\"widget\" data-e-type=\"widget\" data-widget_type=\"text-editor.default\">\n\t\t\t\t<div class=\"elementor-widget-container\">\n\t\t\t\t\t\t\t\t\t<p>Les Utilisateurs, en cochant les cases correspondantes et en saisissant des donn\u00e9es dans les champs, marqu\u00e9s d&rsquo;un ast\u00e9risque (*) dans le formulaire de contact ou pr\u00e9sent\u00e9s dans les formulaires de t\u00e9l\u00e9chargement, acceptent express\u00e9ment, librement et sans \u00e9quivoque que Vos donn\u00e9es soient n\u00e9cessaires pour r\u00e9pondre \u00e0 votre demande , par le fournisseur, l&rsquo;inclusion de donn\u00e9es dans les champs restants \u00e9tant volontaire. L&rsquo;Utilisateur garantit que les donn\u00e9es personnelles fournies au RESPONSABLE sont v\u00e9ridiques et est responsable de la communication de toute modification de celles-ci.<\/p><p>Le RESPONSABLE informe et garantit express\u00e9ment les utilisateurs que leurs donn\u00e9es personnelles ne seront en aucun cas transf\u00e9r\u00e9es \u00e0 des tiers parties, et que chaque fois que tout type de transfert de donn\u00e9es personnelles est effectu\u00e9, le consentement expr\u00e8s, \u00e9clair\u00e9 et sans \u00e9quivoque des Utilisateurs sera pr\u00e9alablement demand\u00e9. Toutes les donn\u00e9es demand\u00e9es via le site Web sont obligatoires, car elles sont n\u00e9cessaires \u00e0 la fourniture d&rsquo;un service optimal \u00e0 l&rsquo;utilisateur. Dans le cas o\u00f9 toutes les donn\u00e9es ne sont pas fournies, il n&rsquo;est pas garanti que les informations et services fournis seront compl\u00e8tement adapt\u00e9s \u00e0 vos besoins.<\/p>\t\t\t\t\t\t\t\t<\/div>\n\t\t\t\t<\/div>\n\t\t\t\t\t<\/div>\n\t\t<\/div>\n\t\t\t\t\t<\/div>\n\t\t<\/section>\n\t\t\t\t<section class=\"elementor-section elementor-top-section elementor-element elementor-element-e2eb852 elementor-section-content-middle elementor-section-boxed elementor-section-height-default elementor-section-height-default qodef-elementor-content-no\" data-id=\"e2eb852\" data-element_type=\"section\" data-e-type=\"section\" data-settings=\"{&quot;background_background&quot;:&quot;classic&quot;}\">\n\t\t\t\t\t\t<div class=\"elementor-container elementor-column-gap-no\">\n\t\t\t\t\t<div class=\"elementor-column elementor-col-100 elementor-top-column elementor-element elementor-element-6532173\" data-id=\"6532173\" data-element_type=\"column\" data-e-type=\"column\">\n\t\t\t<div class=\"elementor-widget-wrap elementor-element-populated\">\n\t\t\t\t\t\t<div class=\"elementor-element elementor-element-44b29f8 elementor-widget elementor-widget-heading\" data-id=\"44b29f8\" data-element_type=\"widget\" data-e-type=\"widget\" data-widget_type=\"heading.default\">\n\t\t\t\t<div class=\"elementor-widget-container\">\n\t\t\t\t\t<h2 class=\"elementor-heading-title elementor-size-default\">Mesures de s\u00e9curit\u00e9<\/h2>\t\t\t\t<\/div>\n\t\t\t\t<\/div>\n\t\t\t\t<div class=\"elementor-element elementor-element-9209516 elementor-widget__width-initial elementor-widget elementor-widget-text-editor\" data-id=\"9209516\" data-element_type=\"widget\" data-e-type=\"widget\" data-widget_type=\"text-editor.default\">\n\t\t\t\t<div class=\"elementor-widget-container\">\n\t\t\t\t\t\t\t\t\t<p>Conform\u00e9ment aux dispositions de la r\u00e9glementation en vigueur sur la protection des donn\u00e9es personnelles, le RESPONSABLE se conforme \u00e0 toutes les dispositions de la r\u00e9glementation GDPR pour le traitement des donn\u00e9es personnelles dont il est responsable, et manifestement aux principes d\u00e9crits dans l&rsquo;article 5 du RGPD, pour lequel elles sont trait\u00e9es de mani\u00e8re licite, loyale et transparente vis-\u00e0-vis de l&rsquo;int\u00e9ress\u00e9 et ad\u00e9quates, pertinentes et limit\u00e9es \u00e0 ce qui est n\u00e9cessaire au regard des finalit\u00e9s pour lesquelles elles sont trait\u00e9es.<\/p ><p>Le RESPONSABLE garantit qu&rsquo;il a mis en place des politiques techniques et organisationnelles appropri\u00e9es pour appliquer les mesures de s\u00e9curit\u00e9 \u00e9tablies par le GDPR afin de prot\u00e9ger les droits et libert\u00e9s des Utilisateurs et a communiqu\u00e9 les informations appropri\u00e9es afin qu&rsquo;ils puissent les exercer.<\/ p>\t\t\t\t\t\t\t\t<\/div>\n\t\t\t\t<\/div>\n\t\t\t\t\t<\/div>\n\t\t<\/div>\n\t\t\t\t\t<\/div>\n\t\t<\/section>\n\t\t\t\t<\/div>\n\t\t","protected":false},"excerpt":{"rendered":"<p>Politique de confidentialit\u00e9 Informations pour l&rsquo;utilisateur FENOLL CRUELLS INDUSTRIES S.L., ci-apr\u00e8s RESPONSABLE, est responsable du traitement des donn\u00e9es personnelles de l&rsquo;Utilisateur et vous informe que ces donn\u00e9es seront trait\u00e9es conform\u00e9ment aux dispositions de la r\u00e9glementation en vigueur sur la protection des donn\u00e9es personnelles. donn\u00e9es personnelles, R\u00e8glement (UE) 2016\/679 du 27 avril 2016 (RGPD) relatif \u00e0 &hellip;<\/p>\n<p class=\"read-more\"> <a class=\"\" href=\"https:\/\/www.fci-urban.com\/fr\/politique-de-confidentialite\/\"> <span class=\"screen-reader-text\">Politique de confidentialit\u00e9<\/span> Lire la suite\u00a0\u00bb<\/a><\/p>\n","protected":false},"author":1,"featured_media":0,"parent":0,"menu_order":0,"comment_status":"closed","ping_status":"closed","template":"","meta":{"inline_featured_image":false,"site-sidebar-layout":"no-sidebar","site-content-layout":"page-builder","ast-main-header-display":"","ast-hfb-above-header-display":"","ast-hfb-below-header-display":"","ast-hfb-mobile-header-display":"","site-post-title":"disabled","ast-breadcrumbs-content":"","ast-featured-img":"disabled","footer-sml-layout":"","theme-transparent-header-meta":"enabled","adv-header-id-meta":"","stick-header-meta":"","header-above-stick-meta":"","header-main-stick-meta":"","header-below-stick-meta":"","footnotes":""},"class_list":["post-28771","page","type-page","status-publish","hentry"],"yoast_head":"<!-- This site is optimized with the Yoast SEO plugin v27.2 - https:\/\/yoast.com\/product\/yoast-seo-wordpress\/ -->\n<title>Politique de confidentialit\u00e9 - FCI Urban<\/title>\n<meta name=\"robots\" content=\"index, follow, max-snippet:-1, max-image-preview:large, max-video-preview:-1\" \/>\n<link rel=\"canonical\" href=\"https:\/\/www.fci-urban.com\/fr\/politique-de-confidentialite\/\" \/>\n<meta property=\"og:locale\" content=\"fr_FR\" \/>\n<meta property=\"og:type\" content=\"article\" \/>\n<meta property=\"og:title\" content=\"Politique de confidentialit\u00e9 - FCI Urban\" \/>\n<meta property=\"og:description\" content=\"Politique de confidentialit\u00e9 Informations pour l&rsquo;utilisateur FENOLL CRUELLS INDUSTRIES S.L., ci-apr\u00e8s RESPONSABLE, est responsable du traitement des donn\u00e9es personnelles de l&rsquo;Utilisateur et vous informe que ces donn\u00e9es seront trait\u00e9es conform\u00e9ment aux dispositions de la r\u00e9glementation en vigueur sur la protection des donn\u00e9es personnelles. donn\u00e9es personnelles, R\u00e8glement (UE) 2016\/679 du 27 avril 2016 (RGPD) relatif \u00e0 &hellip; Politique de confidentialit\u00e9 Lire la suite\u00a0\u00bb\" \/>\n<meta property=\"og:url\" content=\"https:\/\/www.fci-urban.com\/fr\/politique-de-confidentialite\/\" \/>\n<meta property=\"og:site_name\" content=\"FCI Urban\" \/>\n<meta property=\"article:modified_time\" content=\"2022-09-06T08:01:12+00:00\" \/>\n<meta name=\"twitter:card\" content=\"summary_large_image\" \/>\n<meta name=\"twitter:label1\" content=\"Dur\u00e9e de lecture estim\u00e9e\" \/>\n\t<meta name=\"twitter:data1\" content=\"4 minutes\" \/>\n<script type=\"application\/ld+json\" class=\"yoast-schema-graph\">{\"@context\":\"https:\/\/schema.org\",\"@graph\":[{\"@type\":\"WebPage\",\"@id\":\"https:\/\/www.fci-urban.com\/fr\/politique-de-confidentialite\/\",\"url\":\"https:\/\/www.fci-urban.com\/fr\/politique-de-confidentialite\/\",\"name\":\"Politique de confidentialit\u00e9 - FCI Urban\",\"isPartOf\":{\"@id\":\"https:\/\/www.fci-urban.com\/fr\/#website\"},\"datePublished\":\"2022-05-19T10:23:39+00:00\",\"dateModified\":\"2022-09-06T08:01:12+00:00\",\"breadcrumb\":{\"@id\":\"https:\/\/www.fci-urban.com\/fr\/politique-de-confidentialite\/#breadcrumb\"},\"inLanguage\":\"fr-FR\",\"potentialAction\":[{\"@type\":\"ReadAction\",\"target\":[\"https:\/\/www.fci-urban.com\/fr\/politique-de-confidentialite\/\"]}]},{\"@type\":\"BreadcrumbList\",\"@id\":\"https:\/\/www.fci-urban.com\/fr\/politique-de-confidentialite\/#breadcrumb\",\"itemListElement\":[{\"@type\":\"ListItem\",\"position\":1,\"name\":\"Portada\",\"item\":\"https:\/\/www.fci-urban.com\/\"},{\"@type\":\"ListItem\",\"position\":2,\"name\":\"Politique de confidentialit\u00e9\"}]},{\"@type\":\"WebSite\",\"@id\":\"https:\/\/www.fci-urban.com\/fr\/#website\",\"url\":\"https:\/\/www.fci-urban.com\/fr\/\",\"name\":\"FCI Urban\",\"description\":\"FCI Urban\",\"publisher\":{\"@id\":\"https:\/\/www.fci-urban.com\/fr\/#organization\"},\"potentialAction\":[{\"@type\":\"SearchAction\",\"target\":{\"@type\":\"EntryPoint\",\"urlTemplate\":\"https:\/\/www.fci-urban.com\/fr\/?s={search_term_string}\"},\"query-input\":{\"@type\":\"PropertyValueSpecification\",\"valueRequired\":true,\"valueName\":\"search_term_string\"}}],\"inLanguage\":\"fr-FR\"},{\"@type\":\"Organization\",\"@id\":\"https:\/\/www.fci-urban.com\/fr\/#organization\",\"name\":\"FCI Urban\",\"url\":\"https:\/\/www.fci-urban.com\/fr\/\",\"logo\":{\"@type\":\"ImageObject\",\"inLanguage\":\"fr-FR\",\"@id\":\"https:\/\/www.fci-urban.com\/fr\/#\/schema\/logo\/image\/\",\"url\":\"https:\/\/www.fci-urban.com\/wp-content\/uploads\/2022\/05\/URBAN-TRANSPARENT.png\",\"contentUrl\":\"https:\/\/www.fci-urban.com\/wp-content\/uploads\/2022\/05\/URBAN-TRANSPARENT.png\",\"width\":405,\"height\":405,\"caption\":\"FCI Urban\"},\"image\":{\"@id\":\"https:\/\/www.fci-urban.com\/fr\/#\/schema\/logo\/image\/\"}}]}<\/script>\n<!-- \/ Yoast SEO plugin. -->","yoast_head_json":{"title":"Politique de confidentialit\u00e9 - FCI Urban","robots":{"index":"index","follow":"follow","max-snippet":"max-snippet:-1","max-image-preview":"max-image-preview:large","max-video-preview":"max-video-preview:-1"},"canonical":"https:\/\/www.fci-urban.com\/fr\/politique-de-confidentialite\/","og_locale":"fr_FR","og_type":"article","og_title":"Politique de confidentialit\u00e9 - FCI Urban","og_description":"Politique de confidentialit\u00e9 Informations pour l&rsquo;utilisateur FENOLL CRUELLS INDUSTRIES S.L., ci-apr\u00e8s RESPONSABLE, est responsable du traitement des donn\u00e9es personnelles de l&rsquo;Utilisateur et vous informe que ces donn\u00e9es seront trait\u00e9es conform\u00e9ment aux dispositions de la r\u00e9glementation en vigueur sur la protection des donn\u00e9es personnelles. donn\u00e9es personnelles, R\u00e8glement (UE) 2016\/679 du 27 avril 2016 (RGPD) relatif \u00e0 &hellip; Politique de confidentialit\u00e9 Lire la suite\u00a0\u00bb","og_url":"https:\/\/www.fci-urban.com\/fr\/politique-de-confidentialite\/","og_site_name":"FCI Urban","article_modified_time":"2022-09-06T08:01:12+00:00","twitter_card":"summary_large_image","twitter_misc":{"Dur\u00e9e de lecture estim\u00e9e":"4 minutes"},"schema":{"@context":"https:\/\/schema.org","@graph":[{"@type":"WebPage","@id":"https:\/\/www.fci-urban.com\/fr\/politique-de-confidentialite\/","url":"https:\/\/www.fci-urban.com\/fr\/politique-de-confidentialite\/","name":"Politique de confidentialit\u00e9 - FCI Urban","isPartOf":{"@id":"https:\/\/www.fci-urban.com\/fr\/#website"},"datePublished":"2022-05-19T10:23:39+00:00","dateModified":"2022-09-06T08:01:12+00:00","breadcrumb":{"@id":"https:\/\/www.fci-urban.com\/fr\/politique-de-confidentialite\/#breadcrumb"},"inLanguage":"fr-FR","potentialAction":[{"@type":"ReadAction","target":["https:\/\/www.fci-urban.com\/fr\/politique-de-confidentialite\/"]}]},{"@type":"BreadcrumbList","@id":"https:\/\/www.fci-urban.com\/fr\/politique-de-confidentialite\/#breadcrumb","itemListElement":[{"@type":"ListItem","position":1,"name":"Portada","item":"https:\/\/www.fci-urban.com\/"},{"@type":"ListItem","position":2,"name":"Politique de confidentialit\u00e9"}]},{"@type":"WebSite","@id":"https:\/\/www.fci-urban.com\/fr\/#website","url":"https:\/\/www.fci-urban.com\/fr\/","name":"FCI Urban","description":"FCI Urban","publisher":{"@id":"https:\/\/www.fci-urban.com\/fr\/#organization"},"potentialAction":[{"@type":"SearchAction","target":{"@type":"EntryPoint","urlTemplate":"https:\/\/www.fci-urban.com\/fr\/?s={search_term_string}"},"query-input":{"@type":"PropertyValueSpecification","valueRequired":true,"valueName":"search_term_string"}}],"inLanguage":"fr-FR"},{"@type":"Organization","@id":"https:\/\/www.fci-urban.com\/fr\/#organization","name":"FCI Urban","url":"https:\/\/www.fci-urban.com\/fr\/","logo":{"@type":"ImageObject","inLanguage":"fr-FR","@id":"https:\/\/www.fci-urban.com\/fr\/#\/schema\/logo\/image\/","url":"https:\/\/www.fci-urban.com\/wp-content\/uploads\/2022\/05\/URBAN-TRANSPARENT.png","contentUrl":"https:\/\/www.fci-urban.com\/wp-content\/uploads\/2022\/05\/URBAN-TRANSPARENT.png","width":405,"height":405,"caption":"FCI Urban"},"image":{"@id":"https:\/\/www.fci-urban.com\/fr\/#\/schema\/logo\/image\/"}}]}},"_links":{"self":[{"href":"https:\/\/www.fci-urban.com\/fr\/wp-json\/wp\/v2\/pages\/28771","targetHints":{"allow":["GET"]}}],"collection":[{"href":"https:\/\/www.fci-urban.com\/fr\/wp-json\/wp\/v2\/pages"}],"about":[{"href":"https:\/\/www.fci-urban.com\/fr\/wp-json\/wp\/v2\/types\/page"}],"author":[{"embeddable":true,"href":"https:\/\/www.fci-urban.com\/fr\/wp-json\/wp\/v2\/users\/1"}],"replies":[{"embeddable":true,"href":"https:\/\/www.fci-urban.com\/fr\/wp-json\/wp\/v2\/comments?post=28771"}],"version-history":[{"count":4,"href":"https:\/\/www.fci-urban.com\/fr\/wp-json\/wp\/v2\/pages\/28771\/revisions"}],"predecessor-version":[{"id":30460,"href":"https:\/\/www.fci-urban.com\/fr\/wp-json\/wp\/v2\/pages\/28771\/revisions\/30460"}],"wp:attachment":[{"href":"https:\/\/www.fci-urban.com\/fr\/wp-json\/wp\/v2\/media?parent=28771"}],"curies":[{"name":"wp","href":"https:\/\/api.w.org\/{rel}","templated":true}]}}